{"id":38474,"date":"2025-03-04T14:26:39","date_gmt":"2025-03-04T13:26:39","guid":{"rendered":"https:\/\/nuendel.motive360.de\/?page_id=38474"},"modified":"2025-04-25T06:45:10","modified_gmt":"2025-04-25T04:45:10","slug":"imprint","status":"publish","type":"page","link":"https:\/\/www.nuendel.de\/en\/imprint\/","title":{"rendered":"Imprint"},"content":{"rendered":"<div data-elementor-type=\"wp-page\" data-elementor-id=\"38474\" class=\"elementor elementor-38474\" data-elementor-post-type=\"page\">\n\t\t\t\t\t\t<section class=\"elementor-section elementor-top-section elementor-element elementor-element-2f2005f elementor-section-boxed elementor-section-height-default elementor-section-height-default sc_fly_static\" data-id=\"2f2005f\" data-element_type=\"section\" data-e-type=\"section\" data-settings=\"{&quot;background_background&quot;:&quot;classic&quot;}\" data-no-translation=\"\">\n\t\t\t\t\t\t<div class=\"elementor-container elementor-column-gap-extended\">\n\t\t\t\t\t<div class=\"elementor-column elementor-col-100 elementor-top-column elementor-element elementor-element-1377e17 sc_content_align_inherit sc_layouts_column_icons_position_left sc_fly_static\" data-id=\"1377e17\" data-element_type=\"column\" data-e-type=\"column\">\n\t\t\t<div class=\"elementor-widget-wrap elementor-element-populated\">\n\t\t\t\t\t\t<div class=\"elementor-element elementor-element-62110eb sc_fly_static elementor-widget elementor-widget-text-editor\" data-id=\"62110eb\" data-element_type=\"widget\" data-e-type=\"widget\" data-widget_type=\"text-editor.default\">\n\t\t\t\t<div class=\"elementor-widget-container\">\n\t\t\t\t\t\t\t\t\t<h3>N\u00fcndel Kunststofftechnologie<br \/><span style=\"font-size: 14px;\">since 1954<\/span><\/h3><h3>Publisher<\/h3><p>N\u00fcndel Kunststofftechnologie GmbH<br \/>Johann-H\u00f6llfritsch-Str. 2<br \/>90530 Wendelstein<\/p><p>Phone: +49 9129 9044-0<br \/>Fax: +49 9129 9044-30<br \/>E-Mail: <a href=\"mailto:info@nuendel.de\">info@nuendel.de<\/a><br \/>Website: <a href=\"https:\/\/www.nuendel.de\/\">https:\/\/www.nuendel.de<\/a><\/p><p>Managing Director: Daniel Strebel<br \/>Commercial Register: HRB 33412<br \/>Local Court of Nuremberg<br \/>VAT Identification Number (according to \u00a7 27a German VAT Act):<br \/>DE 305 997 071<\/p><h3>This legal notice also applies to the following social media profiles<\/h3><p>Instagram<br \/>Facebook<br \/>X (formerly Twitter)<br \/>LinkedIn<\/p><div dir=\"auto\"><p class=\"font_8 wixui-rich-text__text\">\u00a0<\/p><h2>Legal Notices<\/h2><\/div><h3>Disclaimer<\/h3><p>The information provided on the pages of this website is created with the utmost care and is continuously updated, supplemented, or deleted. However, no guarantee can be given for the timeliness, accuracy, completeness, and quality of the information provided. This also applies to all links to which this website refers directly or indirectly. We are not responsible for the content of any page accessed via such a link.<\/p><p>In no event can we be held liable for any damages of any kind arising from the use or in connection with the use of the information provided here, whether direct or indirect damages, consequential damages including lost profits, or damages resulting from the loss of data.<\/p><p>We reserve the right to change the information on this server without prior notice. All offers are non-binding and without obligation.<br \/>We are liable only for intent and gross negligence. Further liability, especially for slight negligence, is excluded to the extent permitted by law.<\/p><h3>Copyright<strong><br \/><\/strong><\/h3><p>The content and design of this website are protected by copyright. Without our express permission, the content of this website (graphics, photos, sounds, videos, texts, etc.) may not be reproduced, processed, or distributed electronically or in printed form.<\/p><p>We strive to respect all applicable copyrights in all publications. Should a copyright violation occur despite careful checking, we will remove the affected content immediately upon becoming aware of it or label it with the correct copyright notice.<br \/>All brand names and trademarks mentioned on this website, including those protected by third parties, are subject<\/p>\t\t\t\t\t\t\t\t<\/div>\n\t\t\t\t<\/div>\n\t\t\t\t\t<\/div>\n\t\t<\/div>\n\t\t\t\t\t<\/div>\n\t\t<\/section>\n\t\t\t\t<section class=\"elementor-section elementor-top-section elementor-element elementor-element-7ef86bc8 elementor-section-boxed elementor-section-height-default elementor-section-height-default sc_fly_static\" data-id=\"7ef86bc8\" data-element_type=\"section\" data-e-type=\"section\">\n\t\t\t\t\t\t<div class=\"elementor-container elementor-column-gap-extended\">\n\t\t\t\t\t<div class=\"elementor-column elementor-col-100 elementor-top-column elementor-element elementor-element-19372eea sc_content_align_inherit sc_layouts_column_icons_position_left sc_fly_static\" data-id=\"19372eea\" data-element_type=\"column\" data-e-type=\"column\">\n\t\t\t<div class=\"elementor-widget-wrap elementor-element-populated\">\n\t\t\t\t\t\t<div class=\"elementor-element elementor-element-690b98ed sc_fly_static elementor-widget elementor-widget-spacer\" data-id=\"690b98ed\" data-element_type=\"widget\" data-e-type=\"widget\" data-widget_type=\"spacer.default\">\n\t\t\t\t<div class=\"elementor-widget-container\">\n\t\t\t\t\t\t\t<div class=\"elementor-spacer\">\n\t\t\t<div class=\"elementor-spacer-inner\"><\/div>\n\t\t<\/div>\n\t\t\t\t\t\t<\/div>\n\t\t\t\t<\/div>\n\t\t\t\t<div class=\"elementor-element elementor-element-07b3ddd sc_fly_static elementor-widget elementor-widget-text-editor\" data-id=\"07b3ddd\" data-element_type=\"widget\" data-e-type=\"widget\" data-widget_type=\"text-editor.default\">\n\t\t\t\t<div class=\"elementor-widget-container\">\n\t\t\t\t\t\t\t\t\t<h3>Realization<\/h3>\nMotive 360 &#8211; Growth Advisory:\u00a0<a href=\"https:\/\/www.motive360.de\/\" target=\"_blank\" rel=\"noopener\">www.motive360.de<\/a>\t\t\t\t\t\t\t\t<\/div>\n\t\t\t\t<\/div>\n\t\t\t\t<div class=\"elementor-element elementor-element-3f73de6 sc_fly_static elementor-widget elementor-widget-spacer\" data-id=\"3f73de6\" data-element_type=\"widget\" data-e-type=\"widget\" data-widget_type=\"spacer.default\">\n\t\t\t\t<div class=\"elementor-widget-container\">\n\t\t\t\t\t\t\t<div class=\"elementor-spacer\">\n\t\t\t<div class=\"elementor-spacer-inner\"><\/div>\n\t\t<\/div>\n\t\t\t\t\t\t<\/div>\n\t\t\t\t<\/div>\n\t\t\t\t\t<\/div>\n\t\t<\/div>\n\t\t\t\t\t<\/div>\n\t\t<\/section>\n\t\t\t\t<\/div>","protected":false},"excerpt":{"rendered":"<p>N\u00fcndel Kunsstofftechnologiesince 1954 Herausgeber N\u00fcndel Kunststofftechnologie GmbHJohann-H\u00f6llfritsch-Str. 290530 Wendelstein Telefon: +49 9129 9044-0Telefax: +49 9129 9044-30E-Mail:\u00a0info@nuendel.deInternet:\u00a0https:\/\/www.nuendel.de Gesch\u00e4ftsf\u00fchrer: Daniel StrebelHandelsregister: HRB 33412Amtsgericht N\u00fcrnbergUmsatzsteuer-Identifikationsnummer (gem\u00e4\u00df \u00a7 27a Umsatzsteuergesetz):DE 305 997 071 Dieses&hellip;<\/p>","protected":false},"author":1,"featured_media":0,"parent":0,"menu_order":0,"comment_status":"closed","ping_status":"closed","template":"","meta":{"footnotes":""},"folder":[270],"class_list":["post-38474","page","type-page","status-publish","hentry"],"_links":{"self":[{"href":"https:\/\/www.nuendel.de\/en\/wp-json\/wp\/v2\/pages\/38474","targetHints":{"allow":["GET"]}}],"collection":[{"href":"https:\/\/www.nuendel.de\/en\/wp-json\/wp\/v2\/pages"}],"about":[{"href":"https:\/\/www.nuendel.de\/en\/wp-json\/wp\/v2\/types\/page"}],"author":[{"embeddable":true,"href":"https:\/\/www.nuendel.de\/en\/wp-json\/wp\/v2\/users\/1"}],"replies":[{"embeddable":true,"href":"https:\/\/www.nuendel.de\/en\/wp-json\/wp\/v2\/comments?post=38474"}],"version-history":[{"count":3,"href":"https:\/\/www.nuendel.de\/en\/wp-json\/wp\/v2\/pages\/38474\/revisions"}],"predecessor-version":[{"id":40172,"href":"https:\/\/www.nuendel.de\/en\/wp-json\/wp\/v2\/pages\/38474\/revisions\/40172"}],"wp:attachment":[{"href":"https:\/\/www.nuendel.de\/en\/wp-json\/wp\/v2\/media?parent=38474"}],"wp:term":[{"taxonomy":"folder","embeddable":true,"href":"https:\/\/www.nuendel.de\/en\/wp-json\/wp\/v2\/folder?post=38474"}],"curies":[{"name":"wp","href":"https:\/\/api.w.org\/{rel}","templated":true}]}}